{"id":703,"date":"2023-05-12T15:36:47","date_gmt":"2023-05-12T13:36:47","guid":{"rendered":"https:\/\/karriere.cmta.at\/speed-application\/"},"modified":"2023-06-15T12:10:33","modified_gmt":"2023-06-15T10:10:33","slug":"speed-application","status":"publish","type":"page","link":"https:\/\/karriere.cmta.at\/en\/speed-application\/","title":{"rendered":"Speed Application"},"content":{"rendered":"\n<h4 class=\"wp-block-heading\">Apply quickly and conveniently now &#8211; your career at CMTA is just a click away!<\/h4>\n\n<div class=\"wp-block-group has-global-padding is-layout-constrained wp-block-group-is-layout-constrained\"><div class=\"frm_forms  with_frm_style frm_style_formidable-style frm_full_submit\" id=\"frm_form_2_container\" data-token=\"ba2d7ea9e301f7efdb35567ee10b65ec\">\n<form enctype=\"multipart\/form-data\" method=\"post\" class=\"frm-show-form  frm_pro_form \" id=\"form_speedbewerbung\" data-token=\"ba2d7ea9e301f7efdb35567ee10b65ec\">\n<div class=\"frm_form_fields \">\n<fieldset>\n<legend class=\"frm_screen_reader\">Speed Bewerbung<\/legend>\r\n\r\n<div class=\"frm_fields_container\">\n<input type=\"hidden\" name=\"frm_action\" value=\"create\" \/>\n<input type=\"hidden\" name=\"form_id\" value=\"2\" \/>\n<input type=\"hidden\" name=\"frm_hide_fields_2\" id=\"frm_hide_fields_2\" value=\"\" \/>\n<input type=\"hidden\" name=\"form_key\" value=\"speedbewerbung\" \/>\n<input type=\"hidden\" name=\"item_meta[0]\" value=\"\" \/>\n<input type=\"hidden\" id=\"frm_submit_entry_2\" name=\"frm_submit_entry_2\" value=\"0a607ce864\" \/><input type=\"hidden\" name=\"_wp_http_referer\" value=\"\/en\/wp-json\/wp\/v2\/pages\/703\" \/><div id=\"frm_field_6_container\" class=\"frm_form_field frm_section_heading form-field \">\r\n<h3 class=\"frm_pos_top frm_section_spacing\">Your contact information<\/h3>\r\n\r\n\r\n<div id=\"frm_field_8_container\" class=\"frm_form_field form-field  frm_required_field frm_top_container\">\r\n    <div  id=\"field_js80e_label\" class=\"frm_primary_label\">Name\r\n        <span class=\"frm_required\" aria-hidden=\"true\">*<\/span>\r\n    <\/div>\r\n    <fieldset aria-labelledby=\"field_js80e_label\">\n\t<legend class=\"frm_screen_reader frm_hidden\">\n\t\tName\t<\/legend>\n\n\t<div  class=\"frm_combo_inputs_container\" id=\"frm_combo_inputs_container_8\" data-name-layout=\"first_last\">\n\t\t\t\t\t<div\n\t\t\t\tid=\"frm_field_8-first_container\"\n\t\t\t\tclass=\"frm_form_field form-field frm_form_subfield-first  frm6\"\n\t\t\t\tdata-sub-field-name=\"first\"\n\t\t\t>\n\t\t\t\t<label for=\"field_js80e_first\" class=\"frm_screen_reader frm_hidden\">\n\t\t\t\t\tFirst name\t\t\t\t<\/label>\n\n\t\t\t\t<input  type=\"text\" id=\"field_js80e_first\" value=\"\" name=\"item_meta[8][first]\" autocomplete=\"given-name\" data-sectionid=\"6\"  data-reqmsg=\"Dieses Feld darf nicht leer sein.\" aria-required=\"true\" data-invmsg=\"Name is invalid\" aria-invalid=\"false\"  \/><div class=\"frm_description\" id=\"frm_field_8_first_desc\">First name<\/div>\t\t\t<\/div>\n\t\t\t\t\t\t<div\n\t\t\t\tid=\"frm_field_8-last_container\"\n\t\t\t\tclass=\"frm_form_field form-field frm_form_subfield-last  frm6\"\n\t\t\t\tdata-sub-field-name=\"last\"\n\t\t\t>\n\t\t\t\t<label for=\"field_js80e_last\" class=\"frm_screen_reader frm_hidden\">\n\t\t\t\t\tLast name\t\t\t\t<\/label>\n\n\t\t\t\t<input  type=\"text\" id=\"field_js80e_last\" value=\"\" name=\"item_meta[8][last]\" autocomplete=\"family-name\" data-sectionid=\"6\"  data-reqmsg=\"Dieses Feld darf nicht leer sein.\" aria-required=\"true\" data-invmsg=\"Name is invalid\" aria-invalid=\"false\"  \/><div class=\"frm_description\" id=\"frm_field_8_last_desc\">Last name<\/div>\t\t\t<\/div>\n\t\t\t\t<\/div>\n<\/fieldset>\n\r\n    \r\n    \r\n<\/div>\n<div id=\"frm_field_21_container\" class=\"frm_form_field form-field  frm_required_field frm_top_container frm12 frm_first\">\r\n    <label for=\"field_ii5r1\" id=\"field_ii5r1_label\" class=\"frm_primary_label\">Place of Residence\r\n        <span class=\"frm_required\" aria-hidden=\"true\">*<\/span>\r\n    <\/label>\r\n    <input  type=\"text\" id=\"field_ii5r1\" name=\"item_meta[21]\" value=\"\"  data-sectionid=\"6\"  data-reqmsg=\"Bitte gib deinen Wohnort an\" aria-required=\"true\" data-invmsg=\"Text ist ung\u00fcltig\" aria-invalid=\"false\"   \/>\r\n    \r\n    \r\n<\/div>\n<div id=\"frm_field_10_container\" class=\"frm_form_field form-field  frm_required_field frm_top_container\">\r\n    <label for=\"field_u6opo\" id=\"field_u6opo_label\" class=\"frm_primary_label\">Phone \r\n        <span class=\"frm_required\" aria-hidden=\"true\">*<\/span>\r\n    <\/label>\r\n    <input type=\"tel\" id=\"field_u6opo\" name=\"item_meta[10]\" value=\"\"  data-sectionid=\"6\"  data-reqmsg=\"Bitte gib deine Telefonnummer an\" aria-required=\"true\" data-invmsg=\"Telefon ist ung\u00fcltig \u2013 bitte gib deine Telefonnummer ohne Leerzeichen ein\" aria-invalid=\"false\" pattern=\"((\\+\\d{1,3}(-|.| )?\\(?\\d\\)?(-| |.)?\\d{1,5})|(\\(?\\d{2,6}\\)?))(-|.| )?(\\d{3,4})(-|.| )?(\\d{4})(( x| ext)\\d{1,5}){0,1}$\"  \/>\r\n    \r\n    \r\n<\/div>\n<div id=\"frm_field_11_container\" class=\"frm_form_field form-field  frm_required_field frm_top_container\">\r\n    <label for=\"field_y7wsb\" id=\"field_y7wsb_label\" class=\"frm_primary_label\">E-Mail\r\n        <span class=\"frm_required\" aria-hidden=\"true\">*<\/span>\r\n    <\/label>\r\n    <input type=\"email\" id=\"field_y7wsb\" name=\"item_meta[11]\" value=\"\"  data-sectionid=\"6\"  data-reqmsg=\"Dieses Feld darf nicht leer sein.\" aria-required=\"true\" data-invmsg=\"E-Mail ist ung\u00fcltig\" aria-invalid=\"false\"  \/>\r\n    \r\n    \r\n<\/div>\n<\/div>\n<div id=\"frm_field_12_container\" class=\"frm_form_field frm_section_heading form-field \">\r\n<h3 class=\"frm_pos_top frm_section_spacing\">In which department would you like to work at CMTA?<\/h3>\r\n\r\n\r\n<div id=\"frm_field_14_container\" class=\"frm_form_field form-field  frm_required_field frm_top_container vertical_radio frm_other_container\">\r\n    <div  id=\"field_zrnqg_label\" class=\"frm_primary_label\">\r\n        <span class=\"frm_required\" aria-hidden=\"true\">*<\/span>\r\n    <\/div>\r\n    <div class=\"frm_opt_container\" aria-labelledby=\"field_zrnqg_label\" role=\"group\">\t\t<div class=\"frm_checkbox\" id=\"frm_checkbox_14-12-0\">\t\t\t<label  for=\"field_zrnqg-0\">\n\t\t\t<input type=\"checkbox\" name=\"item_meta[14][]\" id=\"field_zrnqg-0\" value=\"Sales\"  data-sectionid=\"12\"  data-reqmsg=\"Bitte gib an, in welchem Bereich du f\u00fcr die CMTA t\u00e4tig sein m\u00f6chtest.\" data-invmsg=\"This field is invalid\"   aria-required=\"true\"  \/> Sales<\/label><\/div>\n\t\t<div class=\"frm_checkbox\" id=\"frm_checkbox_14-12-1\">\t\t\t<label  for=\"field_zrnqg-1\">\n\t\t\t<input type=\"checkbox\" name=\"item_meta[14][]\" id=\"field_zrnqg-1\" value=\"Sales Support\"  data-sectionid=\"12\"  data-reqmsg=\"Bitte gib an, in welchem Bereich du f\u00fcr die CMTA t\u00e4tig sein m\u00f6chtest.\" data-invmsg=\"This field is invalid\"   \/> Sales Support<\/label><\/div>\n\t\t<div class=\"frm_checkbox\" id=\"frm_checkbox_14-12-2\">\t\t\t<label  for=\"field_zrnqg-2\">\n\t\t\t<input type=\"checkbox\" name=\"item_meta[14][]\" id=\"field_zrnqg-2\" value=\"Software Development\"  data-sectionid=\"12\"  data-reqmsg=\"Bitte gib an, in welchem Bereich du f\u00fcr die CMTA t\u00e4tig sein m\u00f6chtest.\" data-invmsg=\"This field is invalid\"   \/> Software Development<\/label><\/div>\n\t\t<div class=\"frm_checkbox\" id=\"frm_checkbox_14-12-3\">\t\t\t<label  for=\"field_zrnqg-3\">\n\t\t\t<input type=\"checkbox\" name=\"item_meta[14][]\" id=\"field_zrnqg-3\" value=\"IT\"  data-sectionid=\"12\"  data-reqmsg=\"Bitte gib an, in welchem Bereich du f\u00fcr die CMTA t\u00e4tig sein m\u00f6chtest.\" data-invmsg=\"This field is invalid\"   \/> IT<\/label><\/div>\n\t\t<div class=\"frm_checkbox\" id=\"frm_checkbox_14-12-4\">\t\t\t<label  for=\"field_zrnqg-4\">\n\t\t\t<input type=\"checkbox\" name=\"item_meta[14][]\" id=\"field_zrnqg-4\" value=\"HR, Communication, Learning\"  data-sectionid=\"12\"  data-reqmsg=\"Bitte gib an, in welchem Bereich du f\u00fcr die CMTA t\u00e4tig sein m\u00f6chtest.\" data-invmsg=\"This field is invalid\"   \/> HR, Communication, Learning<\/label><\/div>\n\t\t<div class=\"frm_checkbox\" id=\"frm_checkbox_14-12-5\">\t\t\t<label  for=\"field_zrnqg-5\">\n\t\t\t<input type=\"checkbox\" name=\"item_meta[14][]\" id=\"field_zrnqg-5\" value=\"Finance &amp; Accounting\"  data-sectionid=\"12\"  data-reqmsg=\"Bitte gib an, in welchem Bereich du f\u00fcr die CMTA t\u00e4tig sein m\u00f6chtest.\" data-invmsg=\"This field is invalid\"   \/> Finance &amp; Accounting<\/label><\/div>\n\t\t<div class=\"frm_checkbox\" id=\"frm_checkbox_14-12-6\">\t\t\t<label  for=\"field_zrnqg-6\">\n\t\t\t<input type=\"checkbox\" name=\"item_meta[14][]\" id=\"field_zrnqg-6\" value=\"Back Office\"  data-sectionid=\"12\"  data-reqmsg=\"Bitte gib an, in welchem Bereich du f\u00fcr die CMTA t\u00e4tig sein m\u00f6chtest.\" data-invmsg=\"This field is invalid\"   \/> Back Office<\/label><\/div>\n\t\t<div class=\"frm_checkbox\" id=\"frm_checkbox_14-12-other_4\">\t\t\t<label  for=\"field_zrnqg-other_4\">\n\t\t\t<input type=\"checkbox\" name=\"item_meta[14][other_4]\" id=\"field_zrnqg-other_4\" value=\"Other\"  data-sectionid=\"12\"  data-reqmsg=\"Bitte gib an, in welchem Bereich du f\u00fcr die CMTA t\u00e4tig sein m\u00f6chtest.\" data-invmsg=\"This field is invalid\"   \/> Other<\/label><label for=\"field_zrnqg-other_4-otext\" class=\"frm_screen_reader frm_hidden\">Other<\/label><input type=\"text\" id=\"field_zrnqg-other_4-otext\" class=\"frm_other_input frm_pos_none\"  name=\"item_meta[other][14][other_4]\" value=\"\" \/><\/div>\n<\/div>\r\n    \r\n    \r\n<\/div>\n<\/div>\n<div id=\"frm_field_15_container\" class=\"frm_form_field frm_section_heading form-field \">\r\n<h3 class=\"frm_pos_top frm_section_spacing\">Your qualifications<\/h3>\r\n\r\n\r\n<div id=\"frm_field_17_container\" class=\"frm_form_field form-field  frm_top_container\">\r\n    <label for=\"field_lpty3\" id=\"field_lpty3_label\" class=\"frm_primary_label\">Describe your previous roles or skills that are relevant for CMTA:\r\n        <span class=\"frm_required\" aria-hidden=\"true\"><\/span>\r\n    <\/label>\r\n    <textarea name=\"item_meta[17]\" id=\"field_lpty3\" rows=\"5\"  data-sectionid=\"15\"  data-invmsg=\"Absatz ist ung\u00fcltig\" aria-invalid=\"false\"  ><\/textarea>\r\n    \r\n    \r\n<\/div>\n<div id=\"frm_field_18_container\" class=\"frm_form_field form-field  frm_top_container\">\r\n    <label for=\"field_kzl6p\" id=\"field_kzl6p_label\" class=\"frm_primary_label\">OR send us your resume\r\n        <span class=\"frm_required\" aria-hidden=\"true\"><\/span>\r\n    <\/label>\r\n    <input type=\"hidden\"  data-sectionid=\"15\"  data-invmsg=\"Ung\u00fcltiges Dateiformat - bitte laden Sie eine pdf-Datei hoch\" class=\"auto_width\" aria-invalid=\"false\"   name=\"item_meta[18][]\"  value=\"\" data-frmfile=\"18\" \/>\n\n<div class=\"frm_dropzone frm_multi_upload frm_clearfix\" id=\"file18_dropzone\" role=\"group\" >\n\t<div class=\"fallback\">\n\t\t<input type=\"file\" name=\"file18[]\" id=\"field_kzl6p\"\n\t\t\t data-frmfile=\"18\" multiple=\"multiple\"  data-sectionid=\"15\"  data-invmsg=\"Ung\u00fcltiges Dateiformat - bitte laden Sie eine pdf-Datei hoch\" class=\"auto_width\" aria-invalid=\"false\"  \t\t\t\/>\n\t\t\t\t<div class=\"frm_clearfix \"><\/div>\n\t<\/div>\n\t<div class=\"dz-message needsclick\">\n\t\t\t\t<svg  viewBox=\"0 0 18 18\" class=\"frmsvg frm-svg-icon\">\n\t<path viewBox=\"0 0 18 18\" fill-rule=\"evenodd\" clip-rule=\"evenodd\" d=\"M8.2 4v8a.8.8 0 001.5 0V4l2.1 2.2A.7.7 0 1013 5L9.5 1.7a.7.7 0 00-1.1 0L5.1 5.2a.8.8 0 001 1l2.1-2zm7.6 4.3c.4 0 .7.3.7.7v6.8c0 .4-.3.7-.8.7H2.3a.8.8 0 01-.8-.8V9A.8.8 0 013 9v6h12V9c0-.4.3-.8.8-.8z\"><\/path>\n<\/svg>\t\t<span class=\"frm_upload_text\"><button type=\"button\" aria-label=\"OR send us your resume. Drag or click to upload a PDF file. Maximum file size: 6MB\">Drag or click to upload a PDF file<\/button><\/span>\n\t\t<span class=\"frm_compact_text\"><button type=\"button\" aria-label=\"OR send us your resume. Datei ausw\u00e4hlen. Maximum file size: 6MB\">Datei ausw\u00e4hlen<\/button><\/span>\n\t\t<div class=\"frm_small_text\">\n\t\t\t<p>Maximum file size: 6MB<\/p>\n\t\t<\/div>\n\t<\/div>\n<\/div>\n\t\r\n    \r\n    \r\n<\/div>\n<\/div>\n<input type=\"hidden\" name=\"item_meta[19]\" id=\"field_z5h57\" value=\"\" data-frmval=\"\"\/>\n<div id=\"frm_field_22_container\" class=\"frm_form_field form-field  frm_required_field frm_top_container vertical_radio\">\r\n    <div  id=\"field_u03dy_label\" class=\"frm_primary_label\">Consent for Data Processing \r\n        <span class=\"frm_required\" aria-hidden=\"true\">*<\/span>\r\n    <\/div>\r\n    <div class=\"frm_opt_container\" aria-labelledby=\"field_u03dy_label\" role=\"group\">\t\t<div class=\"frm_checkbox\" id=\"frm_checkbox_22-0\">\t\t\t<label  for=\"field_u03dy-0\">\n\t\t\t<input type=\"checkbox\" name=\"item_meta[22][]\" id=\"field_u03dy-0\" value=\"By checking this box, I agree that my data may be stored and used for processing my request. I have read and understood the privacy policy.\"  data-reqmsg=\"Bitte best\u00e4tige, dass wir deine Daten verarbeiten d\u00fcrfen.\" data-invmsg=\"Consent for Data Processing  is invalid\"   aria-required=\"true\"  \/> By checking this box, I agree that my data may be stored and used for processing my request. I have read and understood the privacy policy.<\/label><\/div>\n<\/div>\r\n    \r\n    \r\n<\/div>\n<div id=\"frm_field_23_container\" class=\"frm_form_field form-field \">\n\t<div class=\"frm_submit\">\r\n\r\n<button class=\"frm_button_submit frm_final_submit\" type=\"submit\"   formnovalidate=\"formnovalidate\">SUBMIT<\/button>\r\n\r\n\r\n<\/div>\n<\/div>\n\t<input type=\"hidden\" name=\"item_key\" value=\"\" \/>\n\t\t\t<div id=\"frm_field_24_container\">\n\t\t\t<label for=\"field_oakg0\" >\n\t\t\t\tIf you are human, leave this field blank.\t\t\t<\/label>\n\t\t\t<input  id=\"field_oakg0\" type=\"text\" class=\"frm_form_field form-field frm_verify\" name=\"item_meta[24]\" value=\"\"  \/>\n\t\t<\/div>\n\t\t<input name=\"frm_state\" type=\"hidden\" value=\"MRgkvSyy4FPBz4eRJlbpO1N8nFh+Utb8Zr1oATMiPGrDBr2CqQcYcHCCtfekQrrP\" \/><\/div>\n<\/fieldset>\n<\/div>\n\n<\/form>\n<\/div>\n\n<\/div>\n","protected":false},"excerpt":{"rendered":"<p>Apply quickly and conveniently now &#8211; your career at CMTA is just a click away!<\/p>\n","protected":false},"author":2,"featured_media":582,"parent":0,"menu_order":0,"comment_status":"closed","ping_status":"closed","template":"","meta":{"om_disable_all_campaigns":false,"_monsterinsights_skip_tracking":false,"_monsterinsights_sitenote_active":false,"_monsterinsights_sitenote_note":"","_monsterinsights_sitenote_category":0,"_uf_show_specific_survey":0,"_uf_disable_surveys":false,"_themeisle_gutenberg_block_has_review":false,"footnotes":""},"class_list":["post-703","page","type-page","status-publish","has-post-thumbnail","hentry"],"yoast_head":"<!-- This site is optimized with the Yoast SEO plugin v26.7 - https:\/\/yoast.com\/wordpress\/plugins\/seo\/ -->\n<title>Karriere | CMTA | Speed Application<\/title>\n<meta name=\"description\" content=\"Join us as part of a dynamic European securities firm. Shape your future in an open, diverse work environment. Apply now!\" \/>\n<meta name=\"robots\" content=\"index, follow, max-snippet:-1, max-image-preview:large, max-video-preview:-1\" \/>\n<link rel=\"canonical\" href=\"https:\/\/karriere.cmta.at\/en\/speed-application\/\" \/>\n<meta property=\"og:locale\" content=\"en_US\" \/>\n<meta property=\"og:type\" content=\"article\" \/>\n<meta property=\"og:title\" content=\"Karriere | CMTA | Speed Application\" \/>\n<meta property=\"og:description\" content=\"Join us as part of a dynamic European securities firm. Shape your future in an open, diverse work environment. Apply now!\" \/>\n<meta property=\"og:url\" content=\"https:\/\/karriere.cmta.at\/en\/speed-application\/\" \/>\n<meta property=\"og:site_name\" content=\"Career at CMTA\" \/>\n<meta property=\"article:modified_time\" content=\"2023-06-15T10:10:33+00:00\" \/>\n<meta property=\"og:image\" content=\"https:\/\/karriere.cmta.at\/wp-content\/uploads\/2023\/05\/Karriere-Hintergrundbild.jpg\" \/>\n\t<meta property=\"og:image:width\" content=\"1920\" \/>\n\t<meta property=\"og:image:height\" content=\"1080\" \/>\n\t<meta property=\"og:image:type\" content=\"image\/jpeg\" \/>\n<meta name=\"twitter:card\" content=\"summary_large_image\" \/>\n<script type=\"application\/ld+json\" class=\"yoast-schema-graph\">{\"@context\":\"https:\/\/schema.org\",\"@graph\":[{\"@type\":\"WebPage\",\"@id\":\"https:\/\/karriere.cmta.at\/en\/speed-application\/\",\"url\":\"https:\/\/karriere.cmta.at\/en\/speed-application\/\",\"name\":\"Karriere | CMTA | Speed Application\",\"isPartOf\":{\"@id\":\"https:\/\/karriere.cmta.at\/en\/#website\"},\"primaryImageOfPage\":{\"@id\":\"https:\/\/karriere.cmta.at\/en\/speed-application\/#primaryimage\"},\"image\":{\"@id\":\"https:\/\/karriere.cmta.at\/en\/speed-application\/#primaryimage\"},\"thumbnailUrl\":\"https:\/\/karriere.cmta.at\/wp-content\/uploads\/2023\/05\/Karriere-Hintergrundbild.jpg\",\"datePublished\":\"2023-05-12T13:36:47+00:00\",\"dateModified\":\"2023-06-15T10:10:33+00:00\",\"description\":\"Join us as part of a dynamic European securities firm. Shape your future in an open, diverse work environment. Apply now!\",\"breadcrumb\":{\"@id\":\"https:\/\/karriere.cmta.at\/en\/speed-application\/#breadcrumb\"},\"inLanguage\":\"en-US\",\"potentialAction\":[{\"@type\":\"ReadAction\",\"target\":[\"https:\/\/karriere.cmta.at\/en\/speed-application\/\"]}]},{\"@type\":\"ImageObject\",\"inLanguage\":\"en-US\",\"@id\":\"https:\/\/karriere.cmta.at\/en\/speed-application\/#primaryimage\",\"url\":\"https:\/\/karriere.cmta.at\/wp-content\/uploads\/2023\/05\/Karriere-Hintergrundbild.jpg\",\"contentUrl\":\"https:\/\/karriere.cmta.at\/wp-content\/uploads\/2023\/05\/Karriere-Hintergrundbild.jpg\",\"width\":1920,\"height\":1080,\"caption\":\"Happy group of businesspeople during presentation. Colleagues looking at camera and smiling.\"},{\"@type\":\"BreadcrumbList\",\"@id\":\"https:\/\/karriere.cmta.at\/en\/speed-application\/#breadcrumb\",\"itemListElement\":[{\"@type\":\"ListItem\",\"position\":1,\"name\":\"Startseite\",\"item\":\"https:\/\/karriere.cmta.at\/en\/open-positions-cmta\/\"},{\"@type\":\"ListItem\",\"position\":2,\"name\":\"Speed Application\"}]},{\"@type\":\"WebSite\",\"@id\":\"https:\/\/karriere.cmta.at\/en\/#website\",\"url\":\"https:\/\/karriere.cmta.at\/en\/\",\"name\":\"Karriere | CMTA\",\"description\":\"\",\"publisher\":{\"@id\":\"https:\/\/karriere.cmta.at\/en\/#organization\"},\"potentialAction\":[{\"@type\":\"SearchAction\",\"target\":{\"@type\":\"EntryPoint\",\"urlTemplate\":\"https:\/\/karriere.cmta.at\/en\/?s={search_term_string}\"},\"query-input\":{\"@type\":\"PropertyValueSpecification\",\"valueRequired\":true,\"valueName\":\"search_term_string\"}}],\"inLanguage\":\"en-US\"},{\"@type\":\"Organization\",\"@id\":\"https:\/\/karriere.cmta.at\/en\/#organization\",\"name\":\"Karriere | CMTA\",\"url\":\"https:\/\/karriere.cmta.at\/en\/\",\"logo\":{\"@type\":\"ImageObject\",\"inLanguage\":\"en-US\",\"@id\":\"https:\/\/karriere.cmta.at\/en\/#\/schema\/logo\/image\/\",\"url\":\"https:\/\/karriere.cmta.at\/wp-content\/uploads\/2023\/05\/CMTA-Logo-RGB_blue-scaled.png\",\"contentUrl\":\"https:\/\/karriere.cmta.at\/wp-content\/uploads\/2023\/05\/CMTA-Logo-RGB_blue-scaled.png\",\"width\":2560,\"height\":964,\"caption\":\"Karriere | CMTA\"},\"image\":{\"@id\":\"https:\/\/karriere.cmta.at\/en\/#\/schema\/logo\/image\/\"}}]}<\/script>\n<!-- \/ Yoast SEO plugin. -->","yoast_head_json":{"title":"Karriere | CMTA | Speed Application","description":"Join us as part of a dynamic European securities firm. Shape your future in an open, diverse work environment. Apply now!","robots":{"index":"index","follow":"follow","max-snippet":"max-snippet:-1","max-image-preview":"max-image-preview:large","max-video-preview":"max-video-preview:-1"},"canonical":"https:\/\/karriere.cmta.at\/en\/speed-application\/","og_locale":"en_US","og_type":"article","og_title":"Karriere | CMTA | Speed Application","og_description":"Join us as part of a dynamic European securities firm. Shape your future in an open, diverse work environment. Apply now!","og_url":"https:\/\/karriere.cmta.at\/en\/speed-application\/","og_site_name":"Career at CMTA","article_modified_time":"2023-06-15T10:10:33+00:00","og_image":[{"width":1920,"height":1080,"url":"https:\/\/karriere.cmta.at\/wp-content\/uploads\/2023\/05\/Karriere-Hintergrundbild.jpg","type":"image\/jpeg"}],"twitter_card":"summary_large_image","schema":{"@context":"https:\/\/schema.org","@graph":[{"@type":"WebPage","@id":"https:\/\/karriere.cmta.at\/en\/speed-application\/","url":"https:\/\/karriere.cmta.at\/en\/speed-application\/","name":"Karriere | CMTA | Speed Application","isPartOf":{"@id":"https:\/\/karriere.cmta.at\/en\/#website"},"primaryImageOfPage":{"@id":"https:\/\/karriere.cmta.at\/en\/speed-application\/#primaryimage"},"image":{"@id":"https:\/\/karriere.cmta.at\/en\/speed-application\/#primaryimage"},"thumbnailUrl":"https:\/\/karriere.cmta.at\/wp-content\/uploads\/2023\/05\/Karriere-Hintergrundbild.jpg","datePublished":"2023-05-12T13:36:47+00:00","dateModified":"2023-06-15T10:10:33+00:00","description":"Join us as part of a dynamic European securities firm. Shape your future in an open, diverse work environment. Apply now!","breadcrumb":{"@id":"https:\/\/karriere.cmta.at\/en\/speed-application\/#breadcrumb"},"inLanguage":"en-US","potentialAction":[{"@type":"ReadAction","target":["https:\/\/karriere.cmta.at\/en\/speed-application\/"]}]},{"@type":"ImageObject","inLanguage":"en-US","@id":"https:\/\/karriere.cmta.at\/en\/speed-application\/#primaryimage","url":"https:\/\/karriere.cmta.at\/wp-content\/uploads\/2023\/05\/Karriere-Hintergrundbild.jpg","contentUrl":"https:\/\/karriere.cmta.at\/wp-content\/uploads\/2023\/05\/Karriere-Hintergrundbild.jpg","width":1920,"height":1080,"caption":"Happy group of businesspeople during presentation. Colleagues looking at camera and smiling."},{"@type":"BreadcrumbList","@id":"https:\/\/karriere.cmta.at\/en\/speed-application\/#breadcrumb","itemListElement":[{"@type":"ListItem","position":1,"name":"Startseite","item":"https:\/\/karriere.cmta.at\/en\/open-positions-cmta\/"},{"@type":"ListItem","position":2,"name":"Speed Application"}]},{"@type":"WebSite","@id":"https:\/\/karriere.cmta.at\/en\/#website","url":"https:\/\/karriere.cmta.at\/en\/","name":"Karriere | CMTA","description":"","publisher":{"@id":"https:\/\/karriere.cmta.at\/en\/#organization"},"potentialAction":[{"@type":"SearchAction","target":{"@type":"EntryPoint","urlTemplate":"https:\/\/karriere.cmta.at\/en\/?s={search_term_string}"},"query-input":{"@type":"PropertyValueSpecification","valueRequired":true,"valueName":"search_term_string"}}],"inLanguage":"en-US"},{"@type":"Organization","@id":"https:\/\/karriere.cmta.at\/en\/#organization","name":"Karriere | CMTA","url":"https:\/\/karriere.cmta.at\/en\/","logo":{"@type":"ImageObject","inLanguage":"en-US","@id":"https:\/\/karriere.cmta.at\/en\/#\/schema\/logo\/image\/","url":"https:\/\/karriere.cmta.at\/wp-content\/uploads\/2023\/05\/CMTA-Logo-RGB_blue-scaled.png","contentUrl":"https:\/\/karriere.cmta.at\/wp-content\/uploads\/2023\/05\/CMTA-Logo-RGB_blue-scaled.png","width":2560,"height":964,"caption":"Karriere | CMTA"},"image":{"@id":"https:\/\/karriere.cmta.at\/en\/#\/schema\/logo\/image\/"}}]}},"_links":{"self":[{"href":"https:\/\/karriere.cmta.at\/en\/wp-json\/wp\/v2\/pages\/703","targetHints":{"allow":["GET"]}}],"collection":[{"href":"https:\/\/karriere.cmta.at\/en\/wp-json\/wp\/v2\/pages"}],"about":[{"href":"https:\/\/karriere.cmta.at\/en\/wp-json\/wp\/v2\/types\/page"}],"author":[{"embeddable":true,"href":"https:\/\/karriere.cmta.at\/en\/wp-json\/wp\/v2\/users\/2"}],"replies":[{"embeddable":true,"href":"https:\/\/karriere.cmta.at\/en\/wp-json\/wp\/v2\/comments?post=703"}],"version-history":[{"count":0,"href":"https:\/\/karriere.cmta.at\/en\/wp-json\/wp\/v2\/pages\/703\/revisions"}],"wp:featuredmedia":[{"embeddable":true,"href":"https:\/\/karriere.cmta.at\/en\/wp-json\/wp\/v2\/media\/582"}],"wp:attachment":[{"href":"https:\/\/karriere.cmta.at\/en\/wp-json\/wp\/v2\/media?parent=703"}],"curies":[{"name":"wp","href":"https:\/\/api.w.org\/{rel}","templated":true}]}}